{"id":1646,"date":"2018-05-23T22:37:39","date_gmt":"2018-05-23T21:37:39","guid":{"rendered":"https:\/\/www.le-purple.fr\/site\/?page_id=1646"},"modified":"2025-06-04T04:48:39","modified_gmt":"2025-06-04T03:48:39","slug":"mentions-legales","status":"publish","type":"page","link":"https:\/\/www.le-purple.fr\/site\/mentions-legales\/","title":{"rendered":"Mentions l\u00e9gales"},"content":{"rendered":"<h2>\u00c9diteur<\/h2>\n<p>Le site <a href=\"http:\/\/www.le-purple.fr\">www.le-purple.fr<\/a> est \u00e9dit\u00e9 par la SARL LENS DISCO<\/p>\n<p>LE PURPLE \/ LENS DISCO<br \/>\n191 Route de Lille<br \/>\n62218 Loison-sous-Lens<\/p>\n<h2>Directeurs de la publication<\/h2>\n<p>Thierry AQUA &amp; Benoit RENAUT<\/p>\n<h2>H\u00e9bergement<\/h2>\n<p>OVH \u2013 2 rue Kellermann \u2013 59100 ROUBAIX \u2013 France<\/p>\n<h2>Conception<\/h2>\n<p>Ce site a \u00e9t\u00e9 r\u00e9alis\u00e9 par :<br \/>\nAgence <a title=\"Webmaster \/ cr\u00e9ation de site internet \u00e0 Lens et en Hauts de France\" href=\"http:\/\/www.jereweb.net\/\" target=\"_blank\" rel=\"noopener\">JEREWEB<\/a><\/p>\n<h2>Donn\u00e9es personnelles<\/h2>\n<p>Conform\u00e9ment \u00e0 la loi Informatique et Libert\u00e9s du 6 janvier 1978, vous disposez d\u2019un droit d\u2019acc\u00e8s, de modification, de rectification et de suppression des informations nominatives vous concernant. Vous pouvez exercer ces droits en nous contactant via la page de contact en <a href=\"https:\/\/www.le-purple.fr\/site\/contact\/\">cliquant ici<\/a>.<\/p>\n<h2>Politique de confidentialit\u00e9<\/h2>\n<p>En aucun cas, les donn\u00e9es recueillies sur le site <a href=\"http:\/\/www.le-purple.fr\">http:\/\/www.le-purple.fr<\/a> ne seront c\u00e9d\u00e9es ou vendues \u00e0 des tiers. Aucune adresse email ne sera transmise \u00e0 des tiers.<\/p>\n","protected":false},"excerpt":{"rendered":"<p>\u00c9diteur Le site www.le-purple.fr est \u00e9dit\u00e9 par la SARL LENS DISCO LE PURPLE \/ LENS DISCO 191 Route de Lille 62218 Loison-sous-Lens Directeurs de la publication Thierry AQUA &amp; Benoit RENAUT H\u00e9bergement OVH \u2013 2 rue Kellermann \u2013 59100 ROUBAIX \u2013 France Conception Ce site a \u00e9t\u00e9 r\u00e9alis\u00e9 par : Agence JEREWEB Donn\u00e9es personnelles Conform\u00e9ment [&hellip;]<\/p>\n","protected":false},"author":1,"featured_media":0,"parent":0,"menu_order":0,"comment_status":"closed","ping_status":"closed","template":"","meta":{"footnotes":""},"class_list":["post-1646","page","type-page","status-publish","hentry"],"yoast_head":"<!-- This site is optimized with the Yoast SEO plugin v27.4 - https:\/\/yoast.com\/product\/yoast-seo-wordpress\/ -->\n<title>Mentions l\u00e9gales - Le Purple<\/title>\n<meta name=\"robots\" content=\"index, follow, max-snippet:-1, max-image-preview:large, max-video-preview:-1\" \/>\n<link rel=\"canonical\" href=\"https:\/\/www.le-purple.fr\/site\/mentions-legales\/\" \/>\n<meta property=\"og:locale\" content=\"fr_FR\" \/>\n<meta property=\"og:type\" content=\"article\" \/>\n<meta property=\"og:title\" content=\"Mentions l\u00e9gales - Le Purple\" \/>\n<meta property=\"og:description\" content=\"\u00c9diteur Le site www.le-purple.fr est \u00e9dit\u00e9 par la SARL LENS DISCO LE PURPLE \/ LENS DISCO 191 Route de Lille 62218 Loison-sous-Lens Directeurs de la publication Thierry AQUA &amp; Benoit RENAUT H\u00e9bergement OVH \u2013 2 rue Kellermann \u2013 59100 ROUBAIX \u2013 France Conception Ce site a \u00e9t\u00e9 r\u00e9alis\u00e9 par : Agence JEREWEB Donn\u00e9es personnelles Conform\u00e9ment [&hellip;]\" \/>\n<meta property=\"og:url\" content=\"https:\/\/www.le-purple.fr\/site\/mentions-legales\/\" \/>\n<meta property=\"og:site_name\" content=\"Le Purple\" \/>\n<meta property=\"article:publisher\" content=\"https:\/\/www.facebook.com\/lepurple\/\" \/>\n<meta property=\"article:modified_time\" content=\"2025-06-04T03:48:39+00:00\" \/>\n<meta name=\"twitter:card\" content=\"summary_large_image\" \/>\n<meta name=\"twitter:label1\" content=\"Dur\u00e9e de lecture estim\u00e9e\" \/>\n\t<meta name=\"twitter:data1\" content=\"1 minute\" \/>\n<script type=\"application\/ld+json\" class=\"yoast-schema-graph\">{\"@context\":\"https:\\\/\\\/schema.org\",\"@graph\":[{\"@type\":\"WebPage\",\"@id\":\"https:\\\/\\\/www.le-purple.fr\\\/site\\\/mentions-legales\\\/\",\"url\":\"https:\\\/\\\/www.le-purple.fr\\\/site\\\/mentions-legales\\\/\",\"name\":\"Mentions l\u00e9gales - Le Purple\",\"isPartOf\":{\"@id\":\"https:\\\/\\\/www.le-purple.fr\\\/site\\\/#website\"},\"datePublished\":\"2018-05-23T21:37:39+00:00\",\"dateModified\":\"2025-06-04T03:48:39+00:00\",\"breadcrumb\":{\"@id\":\"https:\\\/\\\/www.le-purple.fr\\\/site\\\/mentions-legales\\\/#breadcrumb\"},\"inLanguage\":\"fr-FR\",\"potentialAction\":[{\"@type\":\"ReadAction\",\"target\":[\"https:\\\/\\\/www.le-purple.fr\\\/site\\\/mentions-legales\\\/\"]}]},{\"@type\":\"BreadcrumbList\",\"@id\":\"https:\\\/\\\/www.le-purple.fr\\\/site\\\/mentions-legales\\\/#breadcrumb\",\"itemListElement\":[{\"@type\":\"ListItem\",\"position\":1,\"name\":\"Accueil\",\"item\":\"https:\\\/\\\/www.le-purple.fr\\\/site\\\/\"},{\"@type\":\"ListItem\",\"position\":2,\"name\":\"Mentions l\u00e9gales\"}]},{\"@type\":\"WebSite\",\"@id\":\"https:\\\/\\\/www.le-purple.fr\\\/site\\\/#website\",\"url\":\"https:\\\/\\\/www.le-purple.fr\\\/site\\\/\",\"name\":\"Le Purple\",\"description\":\"Discoth\u00e8que \u00e0 Lens (Loison sous Lens - 62)\",\"potentialAction\":[{\"@type\":\"SearchAction\",\"target\":{\"@type\":\"EntryPoint\",\"urlTemplate\":\"https:\\\/\\\/www.le-purple.fr\\\/site\\\/?s={search_term_string}\"},\"query-input\":{\"@type\":\"PropertyValueSpecification\",\"valueRequired\":true,\"valueName\":\"search_term_string\"}}],\"inLanguage\":\"fr-FR\"}]}<\/script>\n<!-- \/ Yoast SEO plugin. -->","yoast_head_json":{"title":"Mentions l\u00e9gales - Le Purple","robots":{"index":"index","follow":"follow","max-snippet":"max-snippet:-1","max-image-preview":"max-image-preview:large","max-video-preview":"max-video-preview:-1"},"canonical":"https:\/\/www.le-purple.fr\/site\/mentions-legales\/","og_locale":"fr_FR","og_type":"article","og_title":"Mentions l\u00e9gales - Le Purple","og_description":"\u00c9diteur Le site www.le-purple.fr est \u00e9dit\u00e9 par la SARL LENS DISCO LE PURPLE \/ LENS DISCO 191 Route de Lille 62218 Loison-sous-Lens Directeurs de la publication Thierry AQUA &amp; Benoit RENAUT H\u00e9bergement OVH \u2013 2 rue Kellermann \u2013 59100 ROUBAIX \u2013 France Conception Ce site a \u00e9t\u00e9 r\u00e9alis\u00e9 par : Agence JEREWEB Donn\u00e9es personnelles Conform\u00e9ment [&hellip;]","og_url":"https:\/\/www.le-purple.fr\/site\/mentions-legales\/","og_site_name":"Le Purple","article_publisher":"https:\/\/www.facebook.com\/lepurple\/","article_modified_time":"2025-06-04T03:48:39+00:00","twitter_card":"summary_large_image","twitter_misc":{"Dur\u00e9e de lecture estim\u00e9e":"1 minute"},"schema":{"@context":"https:\/\/schema.org","@graph":[{"@type":"WebPage","@id":"https:\/\/www.le-purple.fr\/site\/mentions-legales\/","url":"https:\/\/www.le-purple.fr\/site\/mentions-legales\/","name":"Mentions l\u00e9gales - Le Purple","isPartOf":{"@id":"https:\/\/www.le-purple.fr\/site\/#website"},"datePublished":"2018-05-23T21:37:39+00:00","dateModified":"2025-06-04T03:48:39+00:00","breadcrumb":{"@id":"https:\/\/www.le-purple.fr\/site\/mentions-legales\/#breadcrumb"},"inLanguage":"fr-FR","potentialAction":[{"@type":"ReadAction","target":["https:\/\/www.le-purple.fr\/site\/mentions-legales\/"]}]},{"@type":"BreadcrumbList","@id":"https:\/\/www.le-purple.fr\/site\/mentions-legales\/#breadcrumb","itemListElement":[{"@type":"ListItem","position":1,"name":"Accueil","item":"https:\/\/www.le-purple.fr\/site\/"},{"@type":"ListItem","position":2,"name":"Mentions l\u00e9gales"}]},{"@type":"WebSite","@id":"https:\/\/www.le-purple.fr\/site\/#website","url":"https:\/\/www.le-purple.fr\/site\/","name":"Le Purple","description":"Discoth\u00e8que \u00e0 Lens (Loison sous Lens - 62)","potentialAction":[{"@type":"SearchAction","target":{"@type":"EntryPoint","urlTemplate":"https:\/\/www.le-purple.fr\/site\/?s={search_term_string}"},"query-input":{"@type":"PropertyValueSpecification","valueRequired":true,"valueName":"search_term_string"}}],"inLanguage":"fr-FR"}]}},"_links":{"self":[{"href":"https:\/\/www.le-purple.fr\/site\/wp-json\/wp\/v2\/pages\/1646","targetHints":{"allow":["GET"]}}],"collection":[{"href":"https:\/\/www.le-purple.fr\/site\/wp-json\/wp\/v2\/pages"}],"about":[{"href":"https:\/\/www.le-purple.fr\/site\/wp-json\/wp\/v2\/types\/page"}],"author":[{"embeddable":true,"href":"https:\/\/www.le-purple.fr\/site\/wp-json\/wp\/v2\/users\/1"}],"replies":[{"embeddable":true,"href":"https:\/\/www.le-purple.fr\/site\/wp-json\/wp\/v2\/comments?post=1646"}],"version-history":[{"count":6,"href":"https:\/\/www.le-purple.fr\/site\/wp-json\/wp\/v2\/pages\/1646\/revisions"}],"predecessor-version":[{"id":2794,"href":"https:\/\/www.le-purple.fr\/site\/wp-json\/wp\/v2\/pages\/1646\/revisions\/2794"}],"wp:attachment":[{"href":"https:\/\/www.le-purple.fr\/site\/wp-json\/wp\/v2\/media?parent=1646"}],"curies":[{"name":"wp","href":"https:\/\/api.w.org\/{rel}","templated":true}]}}