{"id":1650,"date":"2018-05-23T22:53:23","date_gmt":"2018-05-23T21:53:23","guid":{"rendered":"https:\/\/www.le-purple.fr\/site\/?page_id=1650"},"modified":"2023-07-24T19:18:16","modified_gmt":"2023-07-24T18:18:16","slug":"politique-dutilisation-des-cookies","status":"publish","type":"page","link":"https:\/\/www.le-purple.fr\/site\/politique-dutilisation-des-cookies\/","title":{"rendered":"Politique d\u2019utilisation des cookies"},"content":{"rendered":"<p>Lors de la consultation du site, des informations relatives \u00e0 la navigation de l\u2019utilisateur sont susceptibles d\u2019\u00eatre enregistr\u00e9es dans des fichiers \u00ab\u00a0Cookies\u00a0\u00bb install\u00e9s sur son terminal (ordinateur, tablette, smartphone, etc.).<\/p>\n<h2>Types de cookies<\/h2>\n<p>Le site utilise des cookies de session et des cookies permanents, dans le but de faciliter votre navigation sur le site, mais aussi de personnaliser l\u2019offre publicitaire adress\u00e9e en dehors du site, d\u2019assurer la performance, les fonctionnalit\u00e9s et le suivi analytique de fr\u00e9quentation du site. Ces cookies sont soit des cookies internes au site, soit des cookies tiers.<\/p>\n<h2>Cookies internes au site<\/h2>\n<p>Les cookies install\u00e9s par le site dans le terminal de l\u2019utilisateur permettent de reconna\u00eetre le navigateur de l\u2019utilisateur lorsqu\u2019il se connecte au site. Ces cookies permettent d\u2019\u00e9tablir des statistiques de fr\u00e9quentation (nombre de visites, de pages vues, d\u2019abandon dans le processus de commande, etc.) afin de suivre et d\u2019am\u00e9liorer la qualit\u00e9 des services ; d\u2019adapter la pr\u00e9sentation du site aux pr\u00e9f\u00e9rences d\u2019affichage du terminal de l\u2019utilisateur ; et de m\u00e9moriser des informations saisies dans des formulaires, g\u00e9rer et s\u00e9curiser l\u2019acc\u00e8s \u00e0 des espaces r\u00e9serv\u00e9s et personnels tels que le compte utilisateur, g\u00e9rer le panier de commande.<\/p>\n<h2>Cookies tiers<\/h2>\n<p>Lorsque l\u2019utilisateur acc\u00e8de au site, un ou plusieurs cookies de soci\u00e9t\u00e9s partenaires (cookies tiers) sont susceptibles d\u2019\u00eatre plac\u00e9s dans l\u2019ordinateur de l\u2019utilisateur via les pages du site. Les cookies d\u00e9pos\u00e9s par ces prestataires ont pour but de promouvoir les activit\u00e9s et offres du site et d\u2019identifier les produits consult\u00e9s ou achet\u00e9s sur le site afin de personnaliser l\u2019offre publicitaire adress\u00e9e en dehors du Site. Le Purple \/ Lens Disco n\u2019a ni acc\u00e8s et ni contr\u00f4le sur les cookies tiers. Toutefois Le Purple \/ Lens Disco veille \u00e0 ce que les soci\u00e9t\u00e9s partenaires traitent les informations collect\u00e9es sur le site exclusivement pour les besoins de Le Purple \/ Lens Disco agissant en tant que responsable de traitement et dans le respect de la Loi Informatique et Libert\u00e9s. Il est possible de refuser les cookies tiers par un param\u00e9trage appropri\u00e9 du navigateur.<\/p>\n<div class=\"elementor-element elementor-element-n1zb08g elementor-widget elementor-widget-heading\" data-id=\"n1zb08g\" data-element_type=\"heading.default\">\n<div class=\"elementor-widget-container\">\n<h2 class=\"elementor-heading-title elementor-size-default\">R\u00e9glementation sur l&rsquo;utilisation des cookies<\/h2>\n<\/div>\n<\/div>\n<div class=\"elementor-element elementor-element-n3lphej elementor-widget elementor-widget-text-editor\" data-id=\"n3lphej\" data-element_type=\"text-editor.default\">\n<div class=\"elementor-widget-container\">\n<div class=\"elementor-text-editor elementor-clearfix\">\n<p>Le site utilise des traceurs (cookies) plac\u00e9s sous le contr\u00f4le de tiers, qui sont soumis \u00e0 votre consentement pr\u00e9alable. Ces traceurs sont utilis\u00e9s pour mesurer l\u2019audience du site. Vous trouverez\u00a0ci-dessous la liste\u00a0des traceurs sous le contr\u00f4le de tiers qui sont soumis \u00e0 votre consentement pr\u00e9alable.<\/p>\n<p><strong>Google Analytics<\/strong>\u00a0: Suivi et mesure de l&rsquo;audience, Tiers Responsable : Google. Validit\u00e9 : 3 \u00e0 48 mois en fonction de votre param\u00e9trage. D\u00e9sactivation du suivi :<br \/>\n<a href=\"https:\/\/tools.google.com\/dlpage\/gaoptout?hl=fr\" target=\"_blank\" rel=\"noopener\">https:\/\/tools.google.com\/dlpage\/gaoptout?hl=fr<\/a><\/p>\n<p><strong>Facebook Pixel<\/strong>\u00a0: Suivi et mesure de l&rsquo;audience, Tiers Responsable : Facebook, Validit\u00e9 : 13 mois.\u00a0D\u00e9sactivation du suivi :<br \/>\n<a href=\"https:\/\/www.facebook.com\/help\/568137493302217\" target=\"_blank\" rel=\"noopener\">https:\/\/facebook.com\/help\/568137493302217<\/a><\/p>\n<p>Vous pouvez vous opposer \u00e0 l&rsquo;utilisation de ces traceurs en param\u00e9trant votre navigateur ou en vous rapprochant du tiers concern\u00e9, via les liens ci-dessus.<\/p>\n<p>L&rsquo;utilisation des traceurs est r\u00e9gie par l&rsquo;article 32 II de la loi n\u00b0 78-17 du 6 janvier 1978, transposant l&rsquo;article 5.3 de la directive 2002\/58\/CE du parlement europ\u00e9en et du conseil du 12 juillet 2002 modifi\u00e9e par la directive 2009\/136\/CE.<\/p>\n<p>Pour en savoir plus sur les cookies et traceurs, nous vous invitons \u00e0 consulter le site de la CNIL :\u00a0<a href=\"http:\/\/www.cnil.fr\/\">www.cnil.fr<\/a>.<\/p>\n<\/div>\n<\/div>\n<\/div>\n<h2>Comment g\u00e9rer les cookies ?<\/h2>\n<p>L\u2019utilisateur peut exprimer et modifier \u00e0 tout moment ses souhaits en mati\u00e8re de cookies, par les moyens d\u00e9crits ci-dessous.<\/p>\n<h3>Param\u00e8tres du navigateur<\/h3>\n<p>L\u2019utilisateur peut configurer le logiciel de navigation de mani\u00e8re \u00e0 ce que des cookies soient enregistr\u00e9s dans le terminal ou, au contraire, qu\u2019ils soient rejet\u00e9s, soit syst\u00e9matiquement, soit selon leur \u00e9metteur. L\u2019utilisateur peut \u00e9galement configurer le logiciel de navigation de mani\u00e8re \u00e0 ce que l\u2019acceptation ou le refus des cookies soient propos\u00e9s ponctuellement, avant qu\u2019un cookie soit susceptible d\u2019\u00eatre enregistr\u00e9 dans le terminal.<\/p>\n<p>L\u2019utilisateur est inform\u00e9 que si le navigateur est configur\u00e9 de mani\u00e8re \u00e0 refuser tous les cookies, l\u2019utilisateur ne pourra pas effectuer d\u2019achats ou profiter de fonctions essentielles du site, comme par exemple stocker des articles dans le panier ou recevoir des recommandations personnalis\u00e9es.<\/p>\n<p>La configuration de chaque navigateur est diff\u00e9rente. Elle est d\u00e9crite dans le menu d\u2019aide du navigateur, qui permettra de savoir de quelle mani\u00e8re modifier les param\u00e9trages de cookies.<\/p>\n<h3>\u00c9l\u00e9ments de param\u00e9trage des principaux navigateurs :<\/h3>\n<h4>Internet explorer<\/h4>\n<ul>\n<li>1. Dans le menu \u00ab Outils \u00bb en haut \u00e0 droite de la barre de navigation, s\u00e9lectionner \u00ab Options Internet \u00bb<\/li>\n<li>2. Cliquer sur l\u2019onglet \u00ab Confidentialit\u00e9 \u00bb<\/li>\n<li>3. Les choix concernant les cookies peuvent \u00eatre param\u00e9tr\u00e9s \u00e0 l\u2019aide d\u2019un curseur. En cliquant sur \u00ab Avanc\u00e9 \u00bb une gestion manuelle et avanc\u00e9e des cookies est rendu possible<\/li>\n<li>4. Sauvegarder les pr\u00e9f\u00e9rences en cliquant sur \u00ab OK \u00bb<\/li>\n<\/ul>\n<h4>Mozilla Firefox<\/h4>\n<ul>\n<li>1. Dans le menu en haut de la page cliquer sur \u00ab Outils \u00bb puis \u00ab Options \u00bb<\/li>\n<li>2. S\u00e9lectionner l\u2019onglet \u00ab Vie priv\u00e9e \u00bb<\/li>\n<li>3. Paragraphe Historique : Dans le menu d\u00e9roulant \u00ab R\u00e8gles de conservation \u00bb, cliquer sur \u00ab utiliser les param\u00e8tres personnalis\u00e9s pour l\u2019historique \u00bb<\/li>\n<li>4. Les param\u00e8tres qui s\u2019affichent permettent de param\u00e9trer des choix concernant les cookies et leur dur\u00e9e de conservation (refuser tous les cookies, d\u2019accepter les cookies en refusant les cookies tiers, etc.)<\/li>\n<li>5. Sauvegarder les pr\u00e9f\u00e9rences en cliquant sur \u00ab OK \u00bb<\/li>\n<\/ul>\n<h4>Google Chrome<\/h4>\n<ul>\n<li>1. Cliquer sur l\u2019ic\u00f4ne personnaliser et contr\u00f4ler Google Chrome situ\u00e9e en haut \u00e0 droite de la barre de navigation<\/li>\n<li>2. S\u00e9lectionner \u00ab Param\u00e8tres \u00bb puis activer \u00ab afficher les param\u00e8tres avanc\u00e9s \u00bb<\/li>\n<li>3. Dans la partie confidentialit\u00e9, activer le menu \u00ab param\u00e8tres de contenus \u00bb.<\/li>\n<li>4. Param\u00e9trer vos choix concernant les cookies, s\u00e9lectionnez \u00ab Blocage des sites tiers.<\/li>\n<\/ul>\n<h4>Safari<\/h4>\n<ul>\n<li>1. Dans la barre de menu en haut, cliquer sur \u00ab Safari \u00bb, puis \u00ab Pr\u00e9f\u00e9rences \u00bb<\/li>\n<li>2. S\u00e9lectionner l\u2019ic\u00f4ne \u00ab Confidentialit\u00e9\u00bb<\/li>\n<li>3. Param\u00e9trer les choix concernant les cookies (Blocage des sites tiers)<\/li>\n<\/ul>\n<h2>Utilisation des donn\u00e9es recueillies \u00e0 l\u2019aide des cookies<\/h2>\n<p>Le site ne transf\u00e9rera ni ne vendra les donn\u00e9es recueillies \u00e0 l\u2019aide des cookies \u00e0 des tiers non affili\u00e9s et non partenaire \u00e0 moins que l\u2019utilisateur en ait \u00e9t\u00e9 pr\u00e9alablement inform\u00e9 et ait donn\u00e9 son consentement.<\/p>\n<h2>Contact \/ questions<\/h2>\n<p>Pour toute question ou informations compl\u00e9mentaires sur les cookies, l\u2019utilisateur peut contacter Le Purple \/Lens Disco via la page de contact en <a href=\"https:\/\/www.le-purple.fr\/site\/contact\/\">cliquant ici<\/a><\/p>\n","protected":false},"excerpt":{"rendered":"<p>Lors de la consultation du site, des informations relatives \u00e0 la navigation de l\u2019utilisateur sont susceptibles d\u2019\u00eatre enregistr\u00e9es dans des fichiers \u00ab\u00a0Cookies\u00a0\u00bb install\u00e9s sur son terminal (ordinateur, tablette, smartphone, etc.). Types de cookies Le site utilise des cookies de session et des cookies permanents, dans le but de faciliter votre navigation sur le site, mais [&hellip;]<\/p>\n","protected":false},"author":1,"featured_media":0,"parent":0,"menu_order":0,"comment_status":"closed","ping_status":"closed","template":"","meta":{"footnotes":""},"class_list":["post-1650","page","type-page","status-publish","hentry"],"yoast_head":"<!-- This site is optimized with the Yoast SEO plugin v27.4 - https:\/\/yoast.com\/product\/yoast-seo-wordpress\/ -->\n<title>Politique d\u2019utilisation des cookies - Le Purple<\/title>\n<meta name=\"robots\" content=\"index, follow, max-snippet:-1, max-image-preview:large, max-video-preview:-1\" \/>\n<link rel=\"canonical\" href=\"https:\/\/www.le-purple.fr\/site\/politique-dutilisation-des-cookies\/\" \/>\n<meta property=\"og:locale\" content=\"fr_FR\" \/>\n<meta property=\"og:type\" content=\"article\" \/>\n<meta property=\"og:title\" content=\"Politique d\u2019utilisation des cookies - Le Purple\" \/>\n<meta property=\"og:description\" content=\"Lors de la consultation du site, des informations relatives \u00e0 la navigation de l\u2019utilisateur sont susceptibles d\u2019\u00eatre enregistr\u00e9es dans des fichiers \u00ab\u00a0Cookies\u00a0\u00bb install\u00e9s sur son terminal (ordinateur, tablette, smartphone, etc.). Types de cookies Le site utilise des cookies de session et des cookies permanents, dans le but de faciliter votre navigation sur le site, mais [&hellip;]\" \/>\n<meta property=\"og:url\" content=\"https:\/\/www.le-purple.fr\/site\/politique-dutilisation-des-cookies\/\" \/>\n<meta property=\"og:site_name\" content=\"Le Purple\" \/>\n<meta property=\"article:publisher\" content=\"https:\/\/www.facebook.com\/lepurple\/\" \/>\n<meta property=\"article:modified_time\" content=\"2023-07-24T18:18:16+00:00\" \/>\n<meta name=\"twitter:card\" content=\"summary_large_image\" \/>\n<meta name=\"twitter:label1\" content=\"Dur\u00e9e de lecture estim\u00e9e\" \/>\n\t<meta name=\"twitter:data1\" content=\"5 minutes\" \/>\n<script type=\"application\/ld+json\" class=\"yoast-schema-graph\">{\"@context\":\"https:\\\/\\\/schema.org\",\"@graph\":[{\"@type\":\"WebPage\",\"@id\":\"https:\\\/\\\/www.le-purple.fr\\\/site\\\/politique-dutilisation-des-cookies\\\/\",\"url\":\"https:\\\/\\\/www.le-purple.fr\\\/site\\\/politique-dutilisation-des-cookies\\\/\",\"name\":\"Politique d\u2019utilisation des cookies - Le Purple\",\"isPartOf\":{\"@id\":\"https:\\\/\\\/www.le-purple.fr\\\/site\\\/#website\"},\"datePublished\":\"2018-05-23T21:53:23+00:00\",\"dateModified\":\"2023-07-24T18:18:16+00:00\",\"breadcrumb\":{\"@id\":\"https:\\\/\\\/www.le-purple.fr\\\/site\\\/politique-dutilisation-des-cookies\\\/#breadcrumb\"},\"inLanguage\":\"fr-FR\",\"potentialAction\":[{\"@type\":\"ReadAction\",\"target\":[\"https:\\\/\\\/www.le-purple.fr\\\/site\\\/politique-dutilisation-des-cookies\\\/\"]}]},{\"@type\":\"BreadcrumbList\",\"@id\":\"https:\\\/\\\/www.le-purple.fr\\\/site\\\/politique-dutilisation-des-cookies\\\/#breadcrumb\",\"itemListElement\":[{\"@type\":\"ListItem\",\"position\":1,\"name\":\"Accueil\",\"item\":\"https:\\\/\\\/www.le-purple.fr\\\/site\\\/\"},{\"@type\":\"ListItem\",\"position\":2,\"name\":\"Politique d\u2019utilisation des cookies\"}]},{\"@type\":\"WebSite\",\"@id\":\"https:\\\/\\\/www.le-purple.fr\\\/site\\\/#website\",\"url\":\"https:\\\/\\\/www.le-purple.fr\\\/site\\\/\",\"name\":\"Le Purple\",\"description\":\"Discoth\u00e8que \u00e0 Lens (Loison sous Lens - 62)\",\"potentialAction\":[{\"@type\":\"SearchAction\",\"target\":{\"@type\":\"EntryPoint\",\"urlTemplate\":\"https:\\\/\\\/www.le-purple.fr\\\/site\\\/?s={search_term_string}\"},\"query-input\":{\"@type\":\"PropertyValueSpecification\",\"valueRequired\":true,\"valueName\":\"search_term_string\"}}],\"inLanguage\":\"fr-FR\"}]}<\/script>\n<!-- \/ Yoast SEO plugin. -->","yoast_head_json":{"title":"Politique d\u2019utilisation des cookies - Le Purple","robots":{"index":"index","follow":"follow","max-snippet":"max-snippet:-1","max-image-preview":"max-image-preview:large","max-video-preview":"max-video-preview:-1"},"canonical":"https:\/\/www.le-purple.fr\/site\/politique-dutilisation-des-cookies\/","og_locale":"fr_FR","og_type":"article","og_title":"Politique d\u2019utilisation des cookies - Le Purple","og_description":"Lors de la consultation du site, des informations relatives \u00e0 la navigation de l\u2019utilisateur sont susceptibles d\u2019\u00eatre enregistr\u00e9es dans des fichiers \u00ab\u00a0Cookies\u00a0\u00bb install\u00e9s sur son terminal (ordinateur, tablette, smartphone, etc.). Types de cookies Le site utilise des cookies de session et des cookies permanents, dans le but de faciliter votre navigation sur le site, mais [&hellip;]","og_url":"https:\/\/www.le-purple.fr\/site\/politique-dutilisation-des-cookies\/","og_site_name":"Le Purple","article_publisher":"https:\/\/www.facebook.com\/lepurple\/","article_modified_time":"2023-07-24T18:18:16+00:00","twitter_card":"summary_large_image","twitter_misc":{"Dur\u00e9e de lecture estim\u00e9e":"5 minutes"},"schema":{"@context":"https:\/\/schema.org","@graph":[{"@type":"WebPage","@id":"https:\/\/www.le-purple.fr\/site\/politique-dutilisation-des-cookies\/","url":"https:\/\/www.le-purple.fr\/site\/politique-dutilisation-des-cookies\/","name":"Politique d\u2019utilisation des cookies - Le Purple","isPartOf":{"@id":"https:\/\/www.le-purple.fr\/site\/#website"},"datePublished":"2018-05-23T21:53:23+00:00","dateModified":"2023-07-24T18:18:16+00:00","breadcrumb":{"@id":"https:\/\/www.le-purple.fr\/site\/politique-dutilisation-des-cookies\/#breadcrumb"},"inLanguage":"fr-FR","potentialAction":[{"@type":"ReadAction","target":["https:\/\/www.le-purple.fr\/site\/politique-dutilisation-des-cookies\/"]}]},{"@type":"BreadcrumbList","@id":"https:\/\/www.le-purple.fr\/site\/politique-dutilisation-des-cookies\/#breadcrumb","itemListElement":[{"@type":"ListItem","position":1,"name":"Accueil","item":"https:\/\/www.le-purple.fr\/site\/"},{"@type":"ListItem","position":2,"name":"Politique d\u2019utilisation des cookies"}]},{"@type":"WebSite","@id":"https:\/\/www.le-purple.fr\/site\/#website","url":"https:\/\/www.le-purple.fr\/site\/","name":"Le Purple","description":"Discoth\u00e8que \u00e0 Lens (Loison sous Lens - 62)","potentialAction":[{"@type":"SearchAction","target":{"@type":"EntryPoint","urlTemplate":"https:\/\/www.le-purple.fr\/site\/?s={search_term_string}"},"query-input":{"@type":"PropertyValueSpecification","valueRequired":true,"valueName":"search_term_string"}}],"inLanguage":"fr-FR"}]}},"_links":{"self":[{"href":"https:\/\/www.le-purple.fr\/site\/wp-json\/wp\/v2\/pages\/1650","targetHints":{"allow":["GET"]}}],"collection":[{"href":"https:\/\/www.le-purple.fr\/site\/wp-json\/wp\/v2\/pages"}],"about":[{"href":"https:\/\/www.le-purple.fr\/site\/wp-json\/wp\/v2\/types\/page"}],"author":[{"embeddable":true,"href":"https:\/\/www.le-purple.fr\/site\/wp-json\/wp\/v2\/users\/1"}],"replies":[{"embeddable":true,"href":"https:\/\/www.le-purple.fr\/site\/wp-json\/wp\/v2\/comments?post=1650"}],"version-history":[{"count":5,"href":"https:\/\/www.le-purple.fr\/site\/wp-json\/wp\/v2\/pages\/1650\/revisions"}],"predecessor-version":[{"id":2425,"href":"https:\/\/www.le-purple.fr\/site\/wp-json\/wp\/v2\/pages\/1650\/revisions\/2425"}],"wp:attachment":[{"href":"https:\/\/www.le-purple.fr\/site\/wp-json\/wp\/v2\/media?parent=1650"}],"curies":[{"name":"wp","href":"https:\/\/api.w.org\/{rel}","templated":true}]}}