{"id":1987,"date":"2019-11-30T23:28:30","date_gmt":"2019-11-30T22:28:30","guid":{"rendered":"https:\/\/www.le-purple.fr\/site\/?page_id=1987"},"modified":"2024-03-14T20:25:01","modified_gmt":"2024-03-14T19:25:01","slug":"espace-vip","status":"publish","type":"page","link":"https:\/\/www.le-purple.fr\/site\/espace-vip\/","title":{"rendered":"Le Purple (Lens) &#8211; R\u00e9servation Espace VIP"},"content":{"rendered":"<h4 style=\"text-align: center;\"><a href=\"#reservation\">R\u00e9server votre Carr\u00e9 VIP (en bas de page) :<\/a><\/h4>\n<p style=\"text-align: center;\"><img loading=\"lazy\" decoding=\"async\" class=\"alignnone wp-image-2583\" src=\"https:\/\/www.le-purple.fr\/site\/wp-content\/uploads\/2024-03-13_VIP_Web.jpg\" alt=\"\" width=\"723\" height=\"492\" srcset=\"https:\/\/www.le-purple.fr\/site\/wp-content\/uploads\/2024-03-13_VIP_Web.jpg 1500w, https:\/\/www.le-purple.fr\/site\/wp-content\/uploads\/2024-03-13_VIP_Web-300x204.jpg 300w, https:\/\/www.le-purple.fr\/site\/wp-content\/uploads\/2024-03-13_VIP_Web-1024x696.jpg 1024w, https:\/\/www.le-purple.fr\/site\/wp-content\/uploads\/2024-03-13_VIP_Web-768x522.jpg 768w\" sizes=\"auto, (max-width: 723px) 100vw, 723px\" \/><\/p>\n<p style=\"text-align: center;\"><img loading=\"lazy\" decoding=\"async\" class=\"alignnone wp-image-2511 size-large\" src=\"https:\/\/www.le-purple.fr\/site\/wp-content\/uploads\/206255183_1207770456338134_2872809727039661948_n-1024x683.jpg\" alt=\"\" width=\"790\" height=\"527\" srcset=\"https:\/\/www.le-purple.fr\/site\/wp-content\/uploads\/206255183_1207770456338134_2872809727039661948_n-1024x683.jpg 1024w, https:\/\/www.le-purple.fr\/site\/wp-content\/uploads\/206255183_1207770456338134_2872809727039661948_n-300x200.jpg 300w, https:\/\/www.le-purple.fr\/site\/wp-content\/uploads\/206255183_1207770456338134_2872809727039661948_n-768x512.jpg 768w, https:\/\/www.le-purple.fr\/site\/wp-content\/uploads\/206255183_1207770456338134_2872809727039661948_n.jpg 1500w\" sizes=\"auto, (max-width: 790px) 100vw, 790px\" \/><\/p>\n<section id=\"reservation\"><\/section>\n<div class=\"x11i5rnm xat24cr x1mh8g0r x1vvkbs xtlvy1s\" style=\"text-align: center;\">\u2014\u2014\u2014\u2014\u2013<br \/>\n<span style=\"color: #ff0000;\"><strong>La r\u00e9servation ne vous garantit pas le droit d\u2019entr\u00e9e.<br \/>\nTenue correctes exig\u00e9s<\/strong><\/span><\/div>\n<p style=\"text-align: center;\"><span style=\"color: #ff0000;\"><strong>La direction se r\u00e9serve le droit d\u2019entr\u00e9e<\/strong><\/span><br \/>\n\u2014\u2014\u2014\u2014\u2013<br \/>\n<strong>Les r\u00e9servations ne sont plus possibles apr\u00e8s 18h pour le soir m\u00eame.<\/strong><br \/>\n\u2014\u2014\u2014\u2014\u2013<\/p>\n<h4 class=\"x11i5rnm xat24cr x1mh8g0r x1vvkbs xtlvy1s\" style=\"text-align: center;\"><strong>Formulaire de demande d&rsquo;information ou de r\u00e9servation :<br \/>\n<\/strong>\n<div class=\"wpcf7 no-js\" id=\"wpcf7-f1109-o1\" lang=\"fr-FR\" dir=\"ltr\" data-wpcf7-id=\"1109\">\n<div class=\"screen-reader-response\"><p role=\"status\" aria-live=\"polite\" aria-atomic=\"true\"><\/p> <ul><\/ul><\/div>\n<form action=\"\/site\/wp-json\/wp\/v2\/pages\/1987#wpcf7-f1109-o1\" method=\"post\" class=\"wpcf7-form init\" aria-label=\"Formulaire de contact\" novalidate=\"novalidate\" data-status=\"init\">\n<fieldset class=\"hidden-fields-container\"><input type=\"hidden\" name=\"_wpcf7\" value=\"1109\" \/><input type=\"hidden\" name=\"_wpcf7_version\" value=\"6.1.5\" \/><input type=\"hidden\" name=\"_wpcf7_locale\" value=\"fr_FR\" \/><input type=\"hidden\" name=\"_wpcf7_unit_tag\" value=\"wpcf7-f1109-o1\" \/><input type=\"hidden\" name=\"_wpcf7_container_post\" value=\"0\" \/><input type=\"hidden\" name=\"_wpcf7_posted_data_hash\" value=\"\" \/><input type=\"hidden\" name=\"_wpcf7_recaptcha_response\" value=\"\" \/>\n<\/fieldset>\n<p>Votre nom et pr\u00e9nom (obligatoire)\n<\/p>\n<p><span class=\"wpcf7-form-control-wrap\" data-name=\"your-name\"><input size=\"40\" maxlength=\"400\" class=\"wpcf7-form-control wpcf7-text wpcf7-validates-as-required\" aria-required=\"true\" aria-invalid=\"false\" value=\"\" type=\"text\" name=\"your-name\" \/><\/span>\n<\/p>\n<p>Votre email (obligatoire) :<br \/>\n<span class=\"wpcf7-form-control-wrap\" data-name=\"your-email\"><input size=\"40\" maxlength=\"400\" class=\"wpcf7-form-control wpcf7-email wpcf7-validates-as-required wpcf7-text wpcf7-validates-as-email\" aria-required=\"true\" aria-invalid=\"false\" value=\"\" type=\"email\" name=\"your-email\" \/><\/span>\n<\/p>\n<p>Votre num\u00e9ro de t\u00e9l\u00e9phone (obligatoire) :<br \/>\n<span class=\"wpcf7-form-control-wrap\" data-name=\"telephone\"><input size=\"40\" maxlength=\"400\" class=\"wpcf7-form-control wpcf7-tel wpcf7-validates-as-required wpcf7-text wpcf7-validates-as-tel\" aria-required=\"true\" aria-invalid=\"false\" value=\"\" type=\"tel\" name=\"telephone\" \/><\/span>\n<\/p>\n<p>Date de votre r\u00e9servation (obligatoire) :<br \/>\n<span class=\"wpcf7-form-control-wrap\" data-name=\"restrict-095\"><input class=\"wpcf7-form-control wpcf7-date_restrict wpcf7-validates-as-date restrict_date_restrict-095\" data-min=\"current_date|+|0|d\" data-max=\"2026-12-30\" data-weekdays=\"5|6\" data-format=\"dd-mm-yy\" aria-invalid=\"false\" placeholder=\"dd-mm-yy\" value=\"\" type=\"text\" name=\"restrict-095\" \/><\/span>\n<\/p>\n<p>Heure d'arriv\u00e9e (obligatoire) :<br \/>\n<span class=\"wpcf7-form-control-wrap\" data-name=\"menu-556\"><select class=\"wpcf7-form-control wpcf7-select wpcf7-validates-as-required\" aria-required=\"true\" aria-invalid=\"false\" name=\"menu-556\"><option value=\"00h00\">00h00<\/option><option value=\"00h30\">00h30<\/option><option value=\"01h00\">01h00<\/option><option value=\"01h30\">01h30<\/option><option value=\"02h00\">02h00<\/option><option value=\"02h30\">02h30<\/option><option value=\"03h00\">03h00<\/option><\/select><\/span>\n<\/p>\n<p>Nombre de Personnes :<br \/>\n<span class=\"wpcf7-form-control-wrap\" data-name=\"nombre-personne\"><input class=\"wpcf7-form-control wpcf7-number wpcf7-validates-as-number\" min=\"4\" max=\"30\" aria-invalid=\"false\" value=\"4\" type=\"number\" name=\"nombre-personne\" \/><\/span>\n<\/p>\n<p>Votre message :<br \/>\n<span class=\"wpcf7-form-control-wrap\" data-name=\"your-message\"><textarea cols=\"40\" rows=\"10\" maxlength=\"2000\" class=\"wpcf7-form-control wpcf7-textarea wpcf7-validates-as-required\" aria-required=\"true\" aria-invalid=\"false\" name=\"your-message\"><\/textarea><\/span>\n<\/p>\n<p><span class=\"wpcf7-form-control-wrap\" data-name=\"your-consentement\"><span class=\"wpcf7-form-control wpcf7-checkbox wpcf7-validates-as-required\"><span class=\"wpcf7-list-item first last\"><input type=\"checkbox\" name=\"your-consentement[]\" value=\"J&#039;accepte de soumettre mes donn\u00e9es personnelles pr\u00e9sentes dans ce formulaire afin de permettre au Purple de traiter ma demande de r\u00e9servation (obligatoire).\" \/><span class=\"wpcf7-list-item-label\">J&#039;accepte de soumettre mes donn\u00e9es personnelles pr\u00e9sentes dans ce formulaire afin de permettre au Purple de traiter ma demande de r\u00e9servation (obligatoire).<\/span><\/span><\/span><\/span><br \/>\n<br \/>\n<span class=\"wpcf7-form-control-wrap recaptcha\" data-name=\"recaptcha\"><span data-sitekey=\"6Ldj69kZAAAAAOlCV8iEHWL_fBeLVWEmYk7y1RyD\" class=\"wpcf7-form-control wpcf7-recaptcha g-recaptcha\"><\/span>\r\n<noscript>\r\n\t<div class=\"grecaptcha-noscript\">\r\n\t\t<iframe loading=\"lazy\" src=\"https:\/\/www.google.com\/recaptcha\/api\/fallback?k=6Ldj69kZAAAAAOlCV8iEHWL_fBeLVWEmYk7y1RyD\" frameborder=\"0\" scrolling=\"no\" width=\"310\" height=\"430\">\r\n\t\t<\/iframe>\r\n\t\t<textarea name=\"g-recaptcha-response\" rows=\"3\" cols=\"40\" placeholder=\"reCaptcha Response Here\">\r\n\t\t<\/textarea>\r\n\t<\/div>\r\n<\/noscript>\r\n<\/span><br \/>\n<br \/>\n<span style=\"color: #ff0000;\"><b><i>ATTENTION : LES RESERVATIONS NE SONT PLUS\u00a0<\/i><\/b><b><i>POSSIBLE APRES 18h POUR LE SOIR MEME<\/i><\/b><\/span>\n<\/p>\n<p><input class=\"wpcf7-form-control wpcf7-submit has-spinner\" type=\"submit\" value=\"Envoyer\" \/>\n<\/p><div class=\"wpcf7-response-output\" aria-hidden=\"true\"><\/div>\n<\/form>\n<\/div>\n<\/h4>\n<section id=\"reservation\">\n<p style=\"text-align: center;\">L\u2019entr\u00e9e au Purple est r\u00e9serv\u00e9e EXCLUSIVEMENT aux personnes majeurs (18 ans et +).<\/p>\n<\/section>\n<div class=\"x11i5rnm xat24cr x1mh8g0r x1vvkbs xtlvy1s\" style=\"text-align: center;\">&gt;&gt; les mineurs accompagn\u00e9s d\u2019adultes (y compris parents) ne sont pas accept\u00e9s<br \/>\n&gt;&gt; Justificatif d\u2019identit\u00e9 infalsifiable OBLIGATOIRE : Pi\u00e8ce d\u2019identit\u00e9 originale avec photo obligatoire (CNI, permis de conduire, passeport, carte vitale, carte \u00e9tudiant plastifi\u00e9e\u2026).<br \/>\nLes photocopies et photographies de pi\u00e8ces d\u2019identit\u00e9 ne sont pas accept\u00e9es. &lt;&lt;<\/div>\n<p style=\"text-align: center;\">Vos demandes de r\u00e9servation sont automatiquement enregistr\u00e9s.<br \/>\nSi ne pouvions pas assurer cette r\u00e9servation, nous vous recontacterons.<\/p>\n<h6 style=\"text-align: center;\">Les Donn\u00e9es utilis\u00e9es aux fins des r\u00e9servations sont conserv\u00e9es jusqu\u2019\u00e0 la date de votre r\u00e9servation,<br \/>\npuis effac\u00e9es dans les quatorze (14) jours suivants.<\/h6>\n","protected":false},"excerpt":{"rendered":"<p>R\u00e9server votre Carr\u00e9 VIP (en bas de page) : \u2014\u2014\u2014\u2014\u2013 La r\u00e9servation ne vous garantit pas le droit d\u2019entr\u00e9e. Tenue correctes exig\u00e9s La direction se r\u00e9serve le droit d\u2019entr\u00e9e \u2014\u2014\u2014\u2014\u2013 Les r\u00e9servations ne sont plus possibles apr\u00e8s 18h pour le soir m\u00eame. \u2014\u2014\u2014\u2014\u2013 Formulaire de demande d&rsquo;information ou de r\u00e9servation : L\u2019entr\u00e9e au Purple est [&hellip;]<\/p>\n","protected":false},"author":1,"featured_media":0,"parent":0,"menu_order":10,"comment_status":"closed","ping_status":"closed","template":"","meta":{"footnotes":""},"class_list":["post-1987","page","type-page","status-publish","hentry"],"yoast_head":"<!-- This site is optimized with the Yoast SEO plugin v27.5 - https:\/\/yoast.com\/product\/yoast-seo-wordpress\/ -->\n<title>Le Purple (Lens) - R\u00e9servation Espace VIP - Le Purple<\/title>\n<meta name=\"robots\" content=\"index, follow, max-snippet:-1, max-image-preview:large, max-video-preview:-1\" \/>\n<link rel=\"canonical\" href=\"https:\/\/www.le-purple.fr\/site\/espace-vip\/\" \/>\n<meta property=\"og:locale\" content=\"fr_FR\" \/>\n<meta property=\"og:type\" content=\"article\" \/>\n<meta property=\"og:title\" content=\"Le Purple (Lens) - R\u00e9servation Espace VIP - Le Purple\" \/>\n<meta property=\"og:description\" content=\"R\u00e9server votre Carr\u00e9 VIP (en bas de page) : \u2014\u2014\u2014\u2014\u2013 La r\u00e9servation ne vous garantit pas le droit d\u2019entr\u00e9e. Tenue correctes exig\u00e9s La direction se r\u00e9serve le droit d\u2019entr\u00e9e \u2014\u2014\u2014\u2014\u2013 Les r\u00e9servations ne sont plus possibles apr\u00e8s 18h pour le soir m\u00eame. \u2014\u2014\u2014\u2014\u2013 Formulaire de demande d&rsquo;information ou de r\u00e9servation : L\u2019entr\u00e9e au Purple est [&hellip;]\" \/>\n<meta property=\"og:url\" content=\"https:\/\/www.le-purple.fr\/site\/espace-vip\/\" \/>\n<meta property=\"og:site_name\" content=\"Le Purple\" \/>\n<meta property=\"article:publisher\" content=\"https:\/\/www.facebook.com\/lepurple\/\" \/>\n<meta property=\"article:modified_time\" content=\"2024-03-14T19:25:01+00:00\" \/>\n<meta property=\"og:image\" content=\"https:\/\/www.le-purple.fr\/site\/wp-content\/uploads\/2024-03-13_VIP_Web.jpg\" \/>\n<meta name=\"twitter:card\" content=\"summary_large_image\" \/>\n<meta name=\"twitter:label1\" content=\"Dur\u00e9e de lecture estim\u00e9e\" \/>\n\t<meta name=\"twitter:data1\" content=\"2 minutes\" \/>\n<script type=\"application\/ld+json\" class=\"yoast-schema-graph\">{\"@context\":\"https:\\\/\\\/schema.org\",\"@graph\":[{\"@type\":\"WebPage\",\"@id\":\"https:\\\/\\\/www.le-purple.fr\\\/site\\\/espace-vip\\\/\",\"url\":\"https:\\\/\\\/www.le-purple.fr\\\/site\\\/espace-vip\\\/\",\"name\":\"Le Purple (Lens) - R\u00e9servation Espace VIP - Le Purple\",\"isPartOf\":{\"@id\":\"https:\\\/\\\/www.le-purple.fr\\\/site\\\/#website\"},\"primaryImageOfPage\":{\"@id\":\"https:\\\/\\\/www.le-purple.fr\\\/site\\\/espace-vip\\\/#primaryimage\"},\"image\":{\"@id\":\"https:\\\/\\\/www.le-purple.fr\\\/site\\\/espace-vip\\\/#primaryimage\"},\"thumbnailUrl\":\"https:\\\/\\\/www.le-purple.fr\\\/site\\\/wp-content\\\/uploads\\\/2024-03-13_VIP_Web.jpg\",\"datePublished\":\"2019-11-30T22:28:30+00:00\",\"dateModified\":\"2024-03-14T19:25:01+00:00\",\"breadcrumb\":{\"@id\":\"https:\\\/\\\/www.le-purple.fr\\\/site\\\/espace-vip\\\/#breadcrumb\"},\"inLanguage\":\"fr-FR\",\"potentialAction\":[{\"@type\":\"ReadAction\",\"target\":[\"https:\\\/\\\/www.le-purple.fr\\\/site\\\/espace-vip\\\/\"]}]},{\"@type\":\"ImageObject\",\"inLanguage\":\"fr-FR\",\"@id\":\"https:\\\/\\\/www.le-purple.fr\\\/site\\\/espace-vip\\\/#primaryimage\",\"url\":\"https:\\\/\\\/www.le-purple.fr\\\/site\\\/wp-content\\\/uploads\\\/2024-03-13_VIP_Web.jpg\",\"contentUrl\":\"https:\\\/\\\/www.le-purple.fr\\\/site\\\/wp-content\\\/uploads\\\/2024-03-13_VIP_Web.jpg\"},{\"@type\":\"BreadcrumbList\",\"@id\":\"https:\\\/\\\/www.le-purple.fr\\\/site\\\/espace-vip\\\/#breadcrumb\",\"itemListElement\":[{\"@type\":\"ListItem\",\"position\":1,\"name\":\"Accueil\",\"item\":\"https:\\\/\\\/www.le-purple.fr\\\/site\\\/\"},{\"@type\":\"ListItem\",\"position\":2,\"name\":\"Le Purple (Lens) &#8211; R\u00e9servation Espace VIP\"}]},{\"@type\":\"WebSite\",\"@id\":\"https:\\\/\\\/www.le-purple.fr\\\/site\\\/#website\",\"url\":\"https:\\\/\\\/www.le-purple.fr\\\/site\\\/\",\"name\":\"Le Purple\",\"description\":\"Discoth\u00e8que \u00e0 Lens (Loison sous Lens - 62)\",\"potentialAction\":[{\"@type\":\"SearchAction\",\"target\":{\"@type\":\"EntryPoint\",\"urlTemplate\":\"https:\\\/\\\/www.le-purple.fr\\\/site\\\/?s={search_term_string}\"},\"query-input\":{\"@type\":\"PropertyValueSpecification\",\"valueRequired\":true,\"valueName\":\"search_term_string\"}}],\"inLanguage\":\"fr-FR\"}]}<\/script>\n<!-- \/ Yoast SEO plugin. -->","yoast_head_json":{"title":"Le Purple (Lens) - R\u00e9servation Espace VIP - Le Purple","robots":{"index":"index","follow":"follow","max-snippet":"max-snippet:-1","max-image-preview":"max-image-preview:large","max-video-preview":"max-video-preview:-1"},"canonical":"https:\/\/www.le-purple.fr\/site\/espace-vip\/","og_locale":"fr_FR","og_type":"article","og_title":"Le Purple (Lens) - R\u00e9servation Espace VIP - Le Purple","og_description":"R\u00e9server votre Carr\u00e9 VIP (en bas de page) : \u2014\u2014\u2014\u2014\u2013 La r\u00e9servation ne vous garantit pas le droit d\u2019entr\u00e9e. Tenue correctes exig\u00e9s La direction se r\u00e9serve le droit d\u2019entr\u00e9e \u2014\u2014\u2014\u2014\u2013 Les r\u00e9servations ne sont plus possibles apr\u00e8s 18h pour le soir m\u00eame. \u2014\u2014\u2014\u2014\u2013 Formulaire de demande d&rsquo;information ou de r\u00e9servation : L\u2019entr\u00e9e au Purple est [&hellip;]","og_url":"https:\/\/www.le-purple.fr\/site\/espace-vip\/","og_site_name":"Le Purple","article_publisher":"https:\/\/www.facebook.com\/lepurple\/","article_modified_time":"2024-03-14T19:25:01+00:00","og_image":[{"url":"https:\/\/www.le-purple.fr\/site\/wp-content\/uploads\/2024-03-13_VIP_Web.jpg","type":"","width":"","height":""}],"twitter_card":"summary_large_image","twitter_misc":{"Dur\u00e9e de lecture estim\u00e9e":"2 minutes"},"schema":{"@context":"https:\/\/schema.org","@graph":[{"@type":"WebPage","@id":"https:\/\/www.le-purple.fr\/site\/espace-vip\/","url":"https:\/\/www.le-purple.fr\/site\/espace-vip\/","name":"Le Purple (Lens) - R\u00e9servation Espace VIP - Le Purple","isPartOf":{"@id":"https:\/\/www.le-purple.fr\/site\/#website"},"primaryImageOfPage":{"@id":"https:\/\/www.le-purple.fr\/site\/espace-vip\/#primaryimage"},"image":{"@id":"https:\/\/www.le-purple.fr\/site\/espace-vip\/#primaryimage"},"thumbnailUrl":"https:\/\/www.le-purple.fr\/site\/wp-content\/uploads\/2024-03-13_VIP_Web.jpg","datePublished":"2019-11-30T22:28:30+00:00","dateModified":"2024-03-14T19:25:01+00:00","breadcrumb":{"@id":"https:\/\/www.le-purple.fr\/site\/espace-vip\/#breadcrumb"},"inLanguage":"fr-FR","potentialAction":[{"@type":"ReadAction","target":["https:\/\/www.le-purple.fr\/site\/espace-vip\/"]}]},{"@type":"ImageObject","inLanguage":"fr-FR","@id":"https:\/\/www.le-purple.fr\/site\/espace-vip\/#primaryimage","url":"https:\/\/www.le-purple.fr\/site\/wp-content\/uploads\/2024-03-13_VIP_Web.jpg","contentUrl":"https:\/\/www.le-purple.fr\/site\/wp-content\/uploads\/2024-03-13_VIP_Web.jpg"},{"@type":"BreadcrumbList","@id":"https:\/\/www.le-purple.fr\/site\/espace-vip\/#breadcrumb","itemListElement":[{"@type":"ListItem","position":1,"name":"Accueil","item":"https:\/\/www.le-purple.fr\/site\/"},{"@type":"ListItem","position":2,"name":"Le Purple (Lens) &#8211; R\u00e9servation Espace VIP"}]},{"@type":"WebSite","@id":"https:\/\/www.le-purple.fr\/site\/#website","url":"https:\/\/www.le-purple.fr\/site\/","name":"Le Purple","description":"Discoth\u00e8que \u00e0 Lens (Loison sous Lens - 62)","potentialAction":[{"@type":"SearchAction","target":{"@type":"EntryPoint","urlTemplate":"https:\/\/www.le-purple.fr\/site\/?s={search_term_string}"},"query-input":{"@type":"PropertyValueSpecification","valueRequired":true,"valueName":"search_term_string"}}],"inLanguage":"fr-FR"}]}},"_links":{"self":[{"href":"https:\/\/www.le-purple.fr\/site\/wp-json\/wp\/v2\/pages\/1987","targetHints":{"allow":["GET"]}}],"collection":[{"href":"https:\/\/www.le-purple.fr\/site\/wp-json\/wp\/v2\/pages"}],"about":[{"href":"https:\/\/www.le-purple.fr\/site\/wp-json\/wp\/v2\/types\/page"}],"author":[{"embeddable":true,"href":"https:\/\/www.le-purple.fr\/site\/wp-json\/wp\/v2\/users\/1"}],"replies":[{"embeddable":true,"href":"https:\/\/www.le-purple.fr\/site\/wp-json\/wp\/v2\/comments?post=1987"}],"version-history":[{"count":58,"href":"https:\/\/www.le-purple.fr\/site\/wp-json\/wp\/v2\/pages\/1987\/revisions"}],"predecessor-version":[{"id":2590,"href":"https:\/\/www.le-purple.fr\/site\/wp-json\/wp\/v2\/pages\/1987\/revisions\/2590"}],"wp:attachment":[{"href":"https:\/\/www.le-purple.fr\/site\/wp-json\/wp\/v2\/media?parent=1987"}],"curies":[{"name":"wp","href":"https:\/\/api.w.org\/{rel}","templated":true}]}}